{"id":2808,"date":"2022-06-15T17:37:48","date_gmt":"2022-06-15T17:37:48","guid":{"rendered":"https:\/\/casasperalta.pt\/?page_id=2808"},"modified":"2022-06-17T02:10:13","modified_gmt":"2022-06-17T02:10:13","slug":"politicas-privacidade","status":"publish","type":"page","link":"https:\/\/casasperalta.pt\/index.php\/politicas-privacidade\/","title":{"rendered":"Politicas Privacidade"},"content":{"rendered":"<p>[vc_row full_width=&#8221;stretch_row&#8221; css=&#8221;.vc_custom_1655324111691{background-image: url(https:\/\/casasperalta.pt\/wp-content\/uploads\/2022\/05\/DJI_0994.jpg?id=2567) !important;background-position: center !important;background-repeat: no-repeat !important;background-size: cover !important;}&#8221;][vc_column css=&#8221;.vc_custom_1655316344811{padding-top: 0px !important;padding-right: 0px !important;padding-bottom: 0px !important;padding-left: 0px !important;}&#8221;]<div style=\"background-color:; height: 100px;\" class=\"nicdark_section  \"><\/div> <h1 style=\"color:#ffffff; padding:px; text-align:center; font-size:40px; line-height:px; letter-spacing: px; font-weight:bold;\" class=\"  uppercase  \">Pol\u00edticas de Privacidade<\/h1> <div style=\"background-color:; height: 100px;\" class=\"nicdark_section  \"><\/div>[\/vc_column][\/vc_row][vc_row][vc_column] <p style=\"color:; padding:px; text-align:; font-size:14px; line-height:px; letter-spacing: px; font-weight:normal;\" class=\"    \">A Empresa Peralta &amp; Peralta, Lda. respeita a privacidade dos seus clientes e fornecedores. Esta Pol\u00edtica de Privacidade descreve quem somos, para que finalidades podemos usar os seus dados, como os tratamos, com quem os partilhamos, durante quanto tempo os conservamos, bem como as formas de entrar em contacto connosco e de exercer os seus direitos.<\/p> <div style=\"background-color:; height: 20px;\" class=\"nicdark_section  \"><\/div> <h2 style=\"color:; padding:px; text-align:; font-size:20px; line-height:px; letter-spacing: px; font-weight:bold;\" class=\"    \">Quem Somos?<\/h2> <div style=\"background-color:; height: 20px;\" class=\"nicdark_section  \"><\/div> <p style=\"color:; padding:px; text-align:; font-size:14px; line-height:px; letter-spacing: px; font-weight:normal;\" class=\"    \">Os seus dados ser\u00e3o tratados pela Peralta &amp; Peralta, Lda, pessoa coletiva n.\u00ba 516708554, com sede Cabreiros - Arouca \u201cEmpresa\u201d ou \u201cn\u00f3s\u201d. Esta sociedade \u00e9 respons\u00e1vel pelo tratamento de dados pessoais na ace\u00e7\u00e3o do Regulamento Geral sobre a Prote\u00e7\u00e3o de Dados.<\/p>  <p style=\"color:; padding:px; text-align:; font-size:14px; line-height:px; letter-spacing: px; font-weight:normal;\" class=\"    \">Para as quest\u00f5es relacionadas com o tratamento dos seus dados pessoais dever\u00e1 contactar o nosso Encarregado da Prote\u00e7\u00e3o de Dados atrav\u00e9s dos seguintes meios: geral@casasperalta.pt<\/p> <div style=\"background-color:; height: 20px;\" class=\"nicdark_section  \"><\/div> <h2 style=\"color:; padding:px; text-align:; font-size:20px; line-height:px; letter-spacing: px; font-weight:bold;\" class=\"    \">Porque precisamos da sua informa\u00e7\u00e3o?<\/h2> <div style=\"background-color:; height: 20px;\" class=\"nicdark_section  \"><\/div> <p style=\"color:; padding:px; text-align:; font-size:14px; line-height:px; letter-spacing: px; font-weight:normal;\" class=\"    \">A Empresa tratar\u00e1 os seus dados pessoais com as seguintes finalidades:<\/p> [vc_column_text]<\/p>\n<ul style=\"color: #0a1f11;\">\n<li><strong>GEST\u00c3O DE CLIENTES E POTENCIAIS CLIENTES<\/strong><br \/>\nO tratamento dos seus dados \u00e9 necess\u00e1rio para a execu\u00e7\u00e3o do contrato a celebrar entre si e a Empresa, ou para a realiza\u00e7\u00e3o de dilig\u00eancias pr\u00e9-contratuais a seu pedido. Caso n\u00e3o disponibilize os seus dados n\u00e3o poderemos prestar-lhe os servi\u00e7os solicitados ou contratados.<br \/>\nOs seus dados ser\u00e3o conservados para esta finalidade durante 12 meses.<br \/>\nOs dados pessoais de clientes poder\u00e3o ser tratados pela Empresa com a finalidade de gest\u00e3o de contencioso. O fundamento jur\u00eddico \u00e9 a exist\u00eancia de um interesse leg\u00edtimo por parte da Empresa e os dados ser\u00e3o conservados pelo per\u00edodo necess\u00e1rio ao exerc\u00edcio dos respetivos direitos.<\/li>\n<\/ul>\n<p>[\/vc_column_text][vc_column_text]<\/p>\n<ul style=\"color: #0a1f11;\">\n<li><strong>MARKETING<\/strong><br \/>\nA Empresa poder\u00e1 tratar os seus dados para lhe enviar informa\u00e7\u00f5es sobre os seus produtos e servi\u00e7os. Este tratamento de dados ser\u00e1 realizado apenas com o seu consentimento, prestado no momento da reserva, check in, atrav\u00e9s do formul\u00e1rio. Caso consinta, receber\u00e1 comunica\u00e7\u00f5es de marketing da Empresa. A n\u00e3o disponibiliza\u00e7\u00e3o dos seus dados pessoais (nome e e-mail) impossibilita a Empresa de lhe enviar comunica\u00e7\u00f5es comerciais.<br \/>\nPoder\u00e1 a qualquer momento opor-se a este tratamento de dados.<br \/>\nOs seus dados ser\u00e3o conservados para esta finalidade durante 12 meses.<\/li>\n<\/ul>\n<p>[\/vc_column_text][vc_column_text]<\/p>\n<ul style=\"color: #0a1f11;\">\n<li><strong>EMPRESA<\/strong><br \/>\nPode remeter-nos, atrav\u00e9s do endere\u00e7o de e-mail geral@casasperalta.pt, ou do n\u00famero de telefone +351 914 990 552, sugest\u00f5es ou reclama\u00e7\u00f5es relativas aos servi\u00e7os prestados pela Empresa. Os seus dados pessoais ser\u00e3o tratados com base nos interesses leg\u00edtimos da Empresa e no seu consentimento. A Empresa recolhe os seus dados para analisar e resolver a situa\u00e7\u00e3o subjacente \u00e0 sua sugest\u00e3o ou reclama\u00e7\u00e3o.<br \/>\nOs seus dados ser\u00e3o conservados para esta finalidade durante o tempo necess\u00e1rio \u00e0 resolu\u00e7\u00e3o da sua quest\u00e3o no prazo m\u00e1ximo de 12 meses.<\/li>\n<\/ul>\n<p>[\/vc_column_text][vc_column_text]<\/p>\n<ul style=\"color: #0a1f11;\">\n<li><strong>GEST\u00c3O DE FORNECEDORES \/ SUBEMPREITEIROSO<\/strong><br \/>\nO tratamento dos seus dados \u00e9 necess\u00e1rio para a execu\u00e7\u00e3o do contrato a celebrar entre si e a Empresa, ou para a realiza\u00e7\u00e3o de dilig\u00eancias pr\u00e9-contratuais a seu pedido. Caso n\u00e3o disponibilize os seus dados n\u00e3o poderemos cumprir as obriga\u00e7\u00f5es contratuais assumidas.<br \/>\nOs seus dados ser\u00e3o conservados para esta finalidade durante 12 meses.<br \/>\nOs dados pessoais de fornecedores poder\u00e3o ser tratados pela Empresa com a finalidade de gest\u00e3o de contencioso. O fundamento jur\u00eddico \u00e9 a exist\u00eancia de um interesse leg\u00edtimo por parte da Empresa e os dados ser\u00e3o conservados pelo per\u00edodo necess\u00e1rio ao exerc\u00edcio dos respetivos direitos.<br \/>\nOs dados dos fornecedores da Empresa, em particular de colaboradores, poder\u00e3o ser comunicados aos clientes da Empresa para cumprimento de obriga\u00e7\u00f5es legais ou contratuais.<\/li>\n<\/ul>\n<p>[\/vc_column_text]<div style=\"background-color:; height: 20px;\" class=\"nicdark_section  \"><\/div> <h2 style=\"color:; padding:px; text-align:; font-size:20px; line-height:px; letter-spacing: px; font-weight:bold;\" class=\"    \">A minha informa\u00e7\u00e3o ser\u00e1 partilhada com outros?<\/h2> <div style=\"background-color:; height: 20px;\" class=\"nicdark_section  \"><\/div> <p style=\"color:; padding:px; text-align:; font-size:14px; line-height:px; letter-spacing: px; font-weight:normal;\" class=\"    \">A sua informa\u00e7\u00e3o pessoal pode ser divulgada:<\/p> [vc_column_text]<\/p>\n<ul style=\"color: #0a1f11;\">\n<li>No \u00e2mbito do grupo empresarial EMPRESA. Sempre que seja plaus\u00edvel o interesse do utilizador nos produtos e servi\u00e7os de qualquer das empresas e marcas do Grupo.<\/li>\n<li>Terceiros prestadores de servi\u00e7os \/ subempreiteiros da Empresa. Se \u00e9 o nosso cliente ou fornecedor, os seus dados pessoais poder\u00e3o ser tratados por empresas subcontratadas pela Empresa, nomeadamente para o alojamento de s\u00edtio web, correio eletr\u00f3nico, marketing digital, comunica\u00e7\u00e3o e rela\u00e7\u00f5es p\u00fablicas. S\u00e3o fornecidas a estas empresas apenas os dados pessoais necess\u00e1rios para a presta\u00e7\u00e3o do servi\u00e7o em causa.<br \/>\nOs dados pessoais poder\u00e3o ainda ser acedidos por auditores internos e externos ao Grupo Empresa, com a garantia de que os mesmos ser\u00e3o mantidos confidenciais e n\u00e3o ser\u00e3o utilizados para finalidades alheias \u00e0s auditorias.<\/li>\n<\/ul>\n<p>[\/vc_column_text] <p style=\"color:; padding:px; text-align:; font-size:14px; line-height:px; letter-spacing: px; font-weight:normal;\" class=\"    \">Os seus dados ser\u00e3o tratados dentro do espa\u00e7o da Uni\u00e3o Europeia.<\/p> <div style=\"background-color:; height: 20px;\" class=\"nicdark_section  \"><\/div> <h2 style=\"color:; padding:px; text-align:; font-size:20px; line-height:px; letter-spacing: px; font-weight:bold;\" class=\"    \">Quais s\u00e3o os meus direitos?<\/h2> <div style=\"background-color:; height: 20px;\" class=\"nicdark_section  \"><\/div> <p style=\"color:; padding:px; text-align:; font-size:14px; line-height:px; letter-spacing: px; font-weight:normal;\" class=\"    \">A qualquer momento, pode solicitar-nos:<\/p> [vc_column_text]<\/p>\n<ul style=\"color: #0a1f11;\">\n<li>O <strong>acesso<\/strong> \u00e0 informa\u00e7\u00e3o que mantemos sobre si;<\/li>\n<li>A <strong>retifica\u00e7\u00e3o<\/strong> da informa\u00e7\u00e3o caso esteja inexata ou incompleta;<\/li>\n<li>O <strong>apagamento ou a limita\u00e7\u00e3o do tratamento<\/strong> dos seus dados pessoais;<\/li>\n<\/ul>\n<p>[\/vc_column_text] <p style=\"color:; padding:px; text-align:; font-size:14px; line-height:px; letter-spacing: px; font-weight:normal;\" class=\"    \">Se o tratamento depender do seu consentimento ou acordo e esse for efetuado por meios automatizados, tem direito ao envio dos dados pessoais anteriormente fornecidos, de forma estruturada, comummente utilizada e num formato informaticamente leg\u00edvel.<\/p>  <p style=\"color:; padding:px; text-align:; font-size:14px; line-height:px; letter-spacing: px; font-weight:normal;\" class=\"    \">Os seus pedidos ser\u00e3o tratados com especial cuidado de forma a que possamos assegurar a efic\u00e1cia dos seus direitos. Poder\u00e1 ser-lhe pedido que fa\u00e7a prova da sua identidade de modo a assegurar que a partilha dos dados pessoais \u00e9 apenas feita com o seu titular.<\/p>  <p style=\"color:; padding:px; text-align:; font-size:14px; line-height:px; letter-spacing: px; font-weight:normal;\" class=\"    \">Deve ter presente que em certos casos (por exemplo, devido a requisitos legais) o seu pedido n\u00e3o poder\u00e1 ser imediatamente satisfeito.<\/p>  <p style=\"color:; padding:px; text-align:; font-size:14px; line-height:px; letter-spacing: px; font-weight:normal;\" class=\"    \">De qualquer modo, ser\u00e1 informado das medidas tomadas nesse sentido, no prazo de um m\u00eas a partir do momento em que o pedido for efetuado.<\/p> [vc_column_text]<\/p>\n<p style=\"font-weight: 400;\">Tem ainda o direito de apresentar uma reclama\u00e7\u00e3o \u00e0 Comiss\u00e3o Nacional de Prote\u00e7\u00e3o de Dados <a class=\"link\" href=\"https:\/\/www.cnpd.pt\/\" target=\"_blank\" rel=\"noopener\">www.cnpd.pt.<\/a><\/p>\n<p>[\/vc_column_text]<div style=\"background-color:; height: 20px;\" class=\"nicdark_section  \"><\/div> <h2 style=\"color:; padding:px; text-align:; font-size:20px; line-height:px; letter-spacing: px; font-weight:bold;\" class=\"    \">Direitos de Acesso<\/h2> <div style=\"background-color:; height: 20px;\" class=\"nicdark_section  \"><\/div> <p style=\"color:; padding:px; text-align:; font-size:14px; line-height:px; letter-spacing: px; font-weight:normal;\" class=\"    \">O titular dos dados pessoais tem o direito a obter da Empresa a confirma\u00e7\u00e3o de que os dados que lhe digam respeito s\u00e3o ou n\u00e3o objeto de tratamento e, se for o caso, de aceder aos seus dados pessoais e aceder \u00e0s informa\u00e7\u00f5es previstas na lei.<\/p> <div style=\"background-color:; height: 20px;\" class=\"nicdark_section  \"><\/div> <h2 style=\"color:; padding:px; text-align:; font-size:20px; line-height:px; letter-spacing: px; font-weight:bold;\" class=\"    \">Direito de Retifica\u00e7\u00e3o<\/h2> <div style=\"background-color:; height: 20px;\" class=\"nicdark_section  \"><\/div> <p style=\"color:; padding:px; text-align:; font-size:14px; line-height:px; letter-spacing: px; font-weight:normal;\" class=\"    \">O titular dos dados pessoais tem o direito de obter da empresa o apagamento dos seus dados, sem demora injustificada, e esta tem a obriga\u00e7\u00e3o de apagar os dados pessoais, sem demora injustificada, quando se aplique, designadamente, um dos seguintes motivos:<\/p> [vc_column_text]<\/p>\n<ul style=\"list-style-type: decimal; color: #0a1f11;\">\n<li>Os dados pessoais deixaram de ser necess\u00e1rios para a finalidade que motivou a sua recolha ou tratamento;<\/li>\n<li>O titular retirou o seu consentimento para o tratamento de dados (nos casos em que o tratamento \u00e9 baseado no consentimento) e n\u00e3o existir outro fundamento para o referido tratamento;<\/li>\n<li>O titular op\u00f5e-se ao tratamento e n\u00e3o existem interesses leg\u00edtimos prevalecentes que justifiquem o tratamento;<\/li>\n<\/ul>\n<p>[\/vc_column_text]<div style=\"background-color:; height: 20px;\" class=\"nicdark_section  \"><\/div> <h2 style=\"color:; padding:px; text-align:; font-size:20px; line-height:px; letter-spacing: px; font-weight:bold;\" class=\"    \">Direito \u00e0 limita\u00e7\u00e3o do tratamento<\/h2> <div style=\"background-color:; height: 20px;\" class=\"nicdark_section  \"><\/div> <p style=\"color:; padding:px; text-align:; font-size:14px; line-height:px; letter-spacing: px; font-weight:normal;\" class=\"    \">O titular dos dados tem o direito de obter da EMPRESA a limita\u00e7\u00e3o do tratamento, se se aplicar, designadamente, uma das seguintes situa\u00e7\u00f5es:<\/p> [vc_column_text]<\/p>\n<ul style=\"list-style-type: decimal; color: #0a1f11;\">\n<li>Contestar a exatid\u00e3o dos dados pessoais, durante um per\u00edodo que permita \u00e0 EMPRESA verificar a sua exatid\u00e3o;<\/li>\n<li>O tratamento de dados for l\u00edcito e o titular dos dados se opuser ao apagamento dos dados pessoais e solicitar, em contrapartida, a limita\u00e7\u00e3o da sua utiliza\u00e7\u00e3o;<\/li>\n<li>A EMPRESA j\u00e1 n\u00e3o precisar dos dados pessoais para fins de tratamento, mas esses dados s\u00e3o requeridos pelo titular para efeitos de declara\u00e7\u00e3o, exerc\u00edcio ou defesa de um direito num processo judicial;<\/li>\n<li>Se tiver oposto ao tratamento, at\u00e9 se verificar que os motivos leg\u00edtimos do respons\u00e1vel pelo tratamento prevalecem sobre os do titular dos dados.<\/li>\n<\/ul>\n<p>[\/vc_column_text]<div style=\"background-color:; height: 20px;\" class=\"nicdark_section  \"><\/div> <h2 style=\"color:; padding:px; text-align:; font-size:20px; line-height:px; letter-spacing: px; font-weight:bold;\" class=\"    \">Direito de portabilidade dos dados<\/h2> <div style=\"background-color:; height: 20px;\" class=\"nicdark_section  \"><\/div> <p style=\"color:; padding:px; text-align:; font-size:14px; line-height:px; letter-spacing: px; font-weight:normal;\" class=\"    \">Se o tratamento depender do consentimento do titular dos dados e esse consentimento tiver sido prestado por meios automatizados, o titular dos dados tem o direito a receber os dados pessoais que lhe digam respeito e que tenha fornecido \u00e0 EMPRESA num formato estruturado, de uso corrente e de leitura autom\u00e1tica.<\/p> <div style=\"background-color:; height: 20px;\" class=\"nicdark_section  \"><\/div> <h2 style=\"color:; padding:px; text-align:; font-size:20px; line-height:px; letter-spacing: px; font-weight:bold;\" class=\"    \">Direito de Oposi\u00e7\u00e3o<\/h2> <div style=\"background-color:; height: 20px;\" class=\"nicdark_section  \"><\/div> <p style=\"color:; padding:px; text-align:; font-size:14px; line-height:px; letter-spacing: px; font-weight:normal;\" class=\"    \">Nos casos em que o tratamento de dados for efetuado para efeito dos interesses leg\u00edtimos prosseguidos pela EMPRESA; ou 2) o tratamento de dados for efetuado para efeitos de marketing direto ou 3) defini\u00e7\u00e3o de perfis, pode ainda, a qualquer altura, opor-se ao tratamento dos seus dados pessoais.<\/p> <div style=\"background-color:; height: 20px;\" class=\"nicdark_section  \"><\/div> <h2 style=\"color:; padding:px; text-align:; font-size:20px; line-height:px; letter-spacing: px; font-weight:bold;\" class=\"    \">Posso revogar o meu consentimento posteriormente?<\/h2> <div style=\"background-color:; height: 20px;\" class=\"nicdark_section  \"><\/div> <p style=\"color:; padding:px; text-align:; font-size:14px; line-height:px; letter-spacing: px; font-weight:normal;\" class=\"    \">Se o consentimento for legalmente necess\u00e1rio para o tratamento de dados pessoais o titular dos dados tem o direito de retirar consentimento em qualquer altura, embora esse direito n\u00e3o comprometa a licitude do tratamento efetuado com base no consentimento previamente dado nem o tratamento posterior dos mesmos dados, baseado noutra base legal, como \u00e9 o caso do cumprimento do contrato ou da obriga\u00e7\u00e3o legal a que a EMPRESA esteja sujeita.<\/p> [vc_column_text]<\/p>\n<p style=\"font-weight: 400;\">Caso pretenda retirar o seu consentimento, pode contactar-nos para o e-mail <a class=\"link\" href=\"mailto:geral@casasperalta.pt\" target=\"_blank\" rel=\"noopener\">geral@casasperalta.pt<\/a><\/p>\n<p>[\/vc_column_text]<div style=\"background-color:; height: 20px;\" class=\"nicdark_section  \"><\/div> <h2 style=\"color:; padding:px; text-align:; font-size:20px; line-height:px; letter-spacing: px; font-weight:bold;\" class=\"    \">Tem alguma d\u00favida?<\/h2> <div style=\"background-color:; height: 20px;\" class=\"nicdark_section  \"><\/div> <p style=\"color:; padding:px; text-align:; font-size:14px; line-height:px; letter-spacing: px; font-weight:normal;\" class=\"    \">Se permanecer com alguma d\u00favida relativamente ao tratamento dos seus dados pessoais, ou pretender exercer algum dos seus direitos, por favor contacte-nos:<\/p> [vc_column_text css=&#8221;.vc_custom_1655431809969{margin-bottom: 0px !important;}&#8221;]<\/p>\n<p style=\"font-weight: 400;\"><a class=\"link\" style=\"font-weight: 400;\" href=\"mailto:geral@casasperalta.pt\" target=\"_blank\" rel=\"noopener\">geral@casasperalta.pt<\/a><\/p>\n<p>[\/vc_column_text] <p style=\"color:; padding:px; text-align:; font-size:14px; line-height:px; letter-spacing: px; font-weight:normal;\" class=\"    \">Ocasionalmente, a Empresa atualizar\u00e1 esta Pol\u00edtica de Privacidade. Solicitamos-lhe que reveja periodicamente este documento para se manter atualizado.<\/p> [\/vc_column][\/vc_row]<\/p>\n","protected":false},"excerpt":{"rendered":"<p>[vc_row full_width=&#8221;stretch_row&#8221; css=&#8221;.vc_custom_1655324111691{background-image: url(https:\/\/casasperalta.pt\/wp-content\/uploads\/2022\/05\/DJI_0994.jpg?id=2567) !important;background-position: center !important;background-repeat: no-repeat !important;background-size: cover !important;}&#8221;][vc_column css=&#8221;.vc_custom_1655316344811{padding-top: 0px !important;padding-right: 0px !important;padding-bottom: 0px !important;padding-left: 0px !important;}&#8221;][\/vc_column][\/vc_row][vc_row][vc_column][vc_column_text] GEST\u00c3O DE CLIENTES E POTENCIAIS CLIENTES O tratamento dos seus dados \u00e9 necess\u00e1rio para a execu\u00e7\u00e3o do contrato a celebrar entre si e a Empresa, ou para a realiza\u00e7\u00e3o de dilig\u00eancias pr\u00e9-contratuais a seu pedido. [&hellip;]<\/p>\n","protected":false},"author":1,"featured_media":0,"parent":0,"menu_order":0,"comment_status":"closed","ping_status":"closed","template":"","meta":{"footnotes":""},"class_list":["post-2808","page","type-page","status-publish","hentry"],"_links":{"self":[{"href":"https:\/\/casasperalta.pt\/index.php\/wp-json\/wp\/v2\/pages\/2808","targetHints":{"allow":["GET"]}}],"collection":[{"href":"https:\/\/casasperalta.pt\/index.php\/wp-json\/wp\/v2\/pages"}],"about":[{"href":"https:\/\/casasperalta.pt\/index.php\/wp-json\/wp\/v2\/types\/page"}],"author":[{"embeddable":true,"href":"https:\/\/casasperalta.pt\/index.php\/wp-json\/wp\/v2\/users\/1"}],"replies":[{"embeddable":true,"href":"https:\/\/casasperalta.pt\/index.php\/wp-json\/wp\/v2\/comments?post=2808"}],"version-history":[{"count":56,"href":"https:\/\/casasperalta.pt\/index.php\/wp-json\/wp\/v2\/pages\/2808\/revisions"}],"predecessor-version":[{"id":2870,"href":"https:\/\/casasperalta.pt\/index.php\/wp-json\/wp\/v2\/pages\/2808\/revisions\/2870"}],"wp:attachment":[{"href":"https:\/\/casasperalta.pt\/index.php\/wp-json\/wp\/v2\/media?parent=2808"}],"curies":[{"name":"wp","href":"https:\/\/api.w.org\/{rel}","templated":true}]}}