{"id":2878,"date":"2022-06-17T10:10:32","date_gmt":"2022-06-17T10:10:32","guid":{"rendered":"https:\/\/casasperalta.pt\/?page_id=2878"},"modified":"2022-06-17T12:00:20","modified_gmt":"2022-06-17T12:00:20","slug":"politica-de-cookies","status":"publish","type":"page","link":"https:\/\/casasperalta.pt\/index.php\/politica-de-cookies\/","title":{"rendered":"Politica de cookies"},"content":{"rendered":"<p>[vc_row full_width=&#8221;stretch_row&#8221; css=&#8221;.vc_custom_1655461456870{background-image: url(https:\/\/casasperalta.pt\/wp-content\/uploads\/2022\/05\/ALDEIA-CASTANHEIRA-edited.jpg?id=2365) !important;background-position: center !important;background-repeat: no-repeat !important;background-size: cover !important;}&#8221;][vc_column]<div style=\"background-color:; height: 100px;\" class=\"nicdark_section  \"><\/div> <h1 style=\"color:#ffffff; padding:px; text-align:center; font-size:40px; line-height:px; letter-spacing: px; font-weight:bold;\" class=\"  uppercase  \">POL\u00cdTICA DE COOKIES<\/h1> <div style=\"background-color:; height: 100px;\" class=\"nicdark_section  \"><\/div>[\/vc_column][\/vc_row][vc_row][vc_column] <h2 style=\"color:; padding:px; text-align:; font-size:20px; line-height:px; letter-spacing: px; font-weight:bold;\" class=\"    \">O que \u00e9 um cookie?<\/h2> <div style=\"background-color:; height: 20px;\" class=\"nicdark_section  \"><\/div> <p style=\"color:; padding:px; text-align:; font-size:14px; line-height:px; letter-spacing: px; font-weight:normal;\" class=\"    \">Um ``cookie`` \u00e9 um arquivo de informa\u00e7\u00e3o que \u00e9 armazenado no disco r\u00edgido do seu computador e que regista a sua navega\u00e7\u00e3o num site para que, quando volta a visitar esse site, possa apresentar op\u00e7\u00f5es personalizadas com base na informa\u00e7\u00e3o armazenada sobre a sua \u00faltima visita. Tamb\u00e9m podemos usar cookies no nosso website para analisar o tr\u00e1fego e para fins publicit\u00e1rios e de marketing, as quais n\u00e3o prejudicam o seu sistema. Se pretender verificar ou alterar o tipo de cookies que aceita, pode faz\u00ea-lo nas defini\u00e7\u00f5es do seu navegador.<\/p> <div style=\"background-color:; height: 20px;\" class=\"nicdark_section  \"><\/div> <h2 style=\"color:; padding:px; text-align:; font-size:20px; line-height:px; letter-spacing: px; font-weight:bold;\" class=\"    \">Como utilizamos os cookies?<\/h2> <div style=\"background-color:; height: 20px;\" class=\"nicdark_section  \"><\/div> <p style=\"color:; padding:px; text-align:; font-size:14px; line-height:px; letter-spacing: px; font-weight:normal;\" class=\"    \">Utilizamos cookies para fazer duas coisas para rastrear a sua utiliza\u00e7\u00e3o do nosso site. Tal permite-nos compreender a forma como utiliza o site e rastrear eventuais padr\u00f5es que surjam individualmente ou de grupos maiores, o que nos vai ajudar a desenvolver e melhorar o nosso site e servi\u00e7os em resposta ao que os nossos visitantes querem e necessitam.<\/p>  <p style=\"color:; padding:px; text-align:; font-size:14px; line-height:px; letter-spacing: px; font-weight:normal;\" class=\"    \">Os cookies s\u00e3o:<\/p> [vc_column_text]<\/p>\n<ul style=\"color: #0a1f11;\">\n<li><strong>Cookies de sess\u00e3o<\/strong> &#8211; Estes apenas s\u00e3o armazenados no seu computador durante a sua sess\u00e3o web e s\u00e3o automaticamente apagados quando fecha o navegador &#8211; normalmente, armazenam um ID de sess\u00e3o an\u00f3nima permitindo-lhe navegar num site sem ter de iniciar sess\u00e3o em cada p\u00e1gina, mas n\u00e3o recolhem nenhuma informa\u00e7\u00e3o do seu computador;<\/li>\n<li><strong>Cookies persistentes<\/strong> &#8211; S\u00e3o armazenados como um ficheiro no seu computador e mant\u00eam-se quando fecha o seu navegador web. O cookie pode ser lido pelo website que o criou quando volta a visitar esse website;<\/li>\n<li><strong>Cookies anal\u00edticos<\/strong> &#8211; Estes cookies s\u00e3o utilizados para analisar a forma como os utilizadores usam o nosso website. Permitem, por exemplo, monitorizar o desempenho do site conhecendo quais as p\u00e1ginas mais populares ou detetar erros. Estes cookies s\u00e3o utilizados apenas para efeitos de an\u00e1lise estat\u00edstica, sem nunca recolher informa\u00e7\u00e3o de car\u00e1cter pessoal. Assim, poderemos procurar fornecer uma experi\u00eancia de maior qualidade e\/ou identificar e corrigir quaisquer problemas que surjam;<\/li>\n<li><strong>Cookies estritamente necess\u00e1rios<\/strong> &#8211; S\u00e3o essenciais para lhe permitir utilizar o website de forma eficaz, n\u00e3o podem ser desativados. Sem estes cookies, os servi\u00e7os que lhe s\u00e3o disponibilizados no website n\u00e3o podem ser prestados. Estes cookies n\u00e3o recolhem informa\u00e7\u00e3o sobre si que possa ser utilizada para marketing;<\/li>\n<li><strong>Cookies de desempenho<\/strong> &#8211; Estes cookies permitem-nos monitorizar e melhorar o desempenho do nosso website. Por exemplo, permitem-nos contabilizar as visitas, identificar as fontes de tr\u00e1fego e ver que partes do website s\u00e3o mais populares;<\/li>\n<li><strong>Cookies de funcionalidade<\/strong> &#8211; Permitem que o nosso website se lembre das escolhas que faz (tais como o seu nome de utilizador, l\u00edngua ou regi\u00e3o onde est\u00e1) e fornecem funcionalidades melhoradas. Por exemplo, poderemos fornecer-lhe not\u00edcias ou atualiza\u00e7\u00f5es pertinentes no nosso website. Estes cookies tamb\u00e9m podem ser utilizados para lembrar altera\u00e7\u00f5es que fez ao tamanho do texto, tipo de letra e outras partes das p\u00e1ginas web que pode personalizar. Podem igualmente ser utilizados para prestar servi\u00e7os que solicitou, tais como visualizar um v\u00eddeo. A informa\u00e7\u00e3o que estes cookies recolhem \u00e9 normalmente anonimizada;<\/li>\n<li><strong>Cookies de personaliza\u00e7\u00e3o<\/strong> &#8211; Estes cookies s\u00e3o persistentes (enquanto estiver registado connosco) e significam que quando inicia sess\u00e3o ou volta ao website pode ver an\u00fancios similares aos que navegou anteriormente.<\/li>\n<\/ul>\n<p>[\/vc_column_text] <p style=\"color:; padding:px; text-align:; font-size:14px; line-height:px; letter-spacing: px; font-weight:normal;\" class=\"    \">Em seguida, apresentamos em detalhe a rela\u00e7\u00e3o dos cookies utilizados:<\/p> [vc_column_text]<\/p>\n<ul style=\"color: #0a1f11;\">\n<li><strong>pll_language<\/strong>\n<ul>\n<li>Para armazenar as configura\u00e7\u00f5es de idioma<\/li>\n<li><strong>Dura\u00e7\u00e3o:<\/strong> Persistente<\/li>\n<\/ul>\n<\/li>\n<li><strong>cky-active-check<\/strong>\n<ul>\n<li>CookieYes define este cookie para verificar se o banner de consentimento est\u00e1 ativo no site.<\/li>\n<li><strong>Dura\u00e7\u00e3o:<\/strong> 1 dia<\/li>\n<\/ul>\n<\/li>\n<li><strong>cookieyesID<\/strong>\n<ul>\n<li>CookieYes define este cookie como um identificador exclusivo para visitantes de acordo com seu consentimento.<\/li>\n<li><strong>Dura\u00e7\u00e3o:<\/strong> 1 ano<\/li>\n<\/ul>\n<\/li>\n<li><strong>cky-consent<\/strong>\n<ul>\n<li>O cookie \u00e9 definido pelo CookieYes para lembrar as configura\u00e7\u00f5es de consentimento do utilizador para que o site reconhe\u00e7a os utilizadores na pr\u00f3xima vez que visitarem.<\/li>\n<li><strong>Dura\u00e7\u00e3o:<\/strong> 1 ano<\/li>\n<\/ul>\n<\/li>\n<li><strong>cookieyes-necessary<\/strong>\n<ul>\n<li>CookieYes define este cookie para lembrar o consentimento dos utilizadores para o uso de cookies na categoria &#8216;Necess\u00e1rio&#8217;.<\/li>\n<li><strong>Dura\u00e7\u00e3o:<\/strong> 1 ano<\/li>\n<\/ul>\n<\/li>\n<li><strong>cookieyes-functional<\/strong>\n<ul>\n<li>CookieYes define este cookie para lembrar o consentimento dos utilizadores para o uso de cookies na categoria &#8216;Funcional&#8217;.<\/li>\n<li><strong>Dura\u00e7\u00e3o:<\/strong> 1 ano<\/li>\n<\/ul>\n<\/li>\n<li><strong>cookieyes-analytics<\/strong>\n<ul>\n<li>CookieYes define este cookie para lembrar o consentimento dos utilizadores para o uso de cookies na categoria &#8216;Analytics&#8217;.<\/li>\n<li><strong>Dura\u00e7\u00e3o:<\/strong> 1 ano<\/li>\n<\/ul>\n<\/li>\n<li><strong>cookieyes-performance<\/strong>\n<ul>\n<li>CookieYes define este cookie para lembrar o consentimento dos utilizadores para o uso de cookies na categoria &#8216;Desempenho&#8217;.<\/li>\n<li><strong>Dura\u00e7\u00e3o:<\/strong> 1 ano<\/li>\n<\/ul>\n<\/li>\n<li><strong>cookieyes-advertisement<\/strong>\n<ul>\n<li>CookieYes define este cookie para lembrar o consentimento dos utilizadores para o uso de cookies na categoria &#8216;An\u00fancio&#8217;.<\/li>\n<li><strong>Dura\u00e7\u00e3o:<\/strong> 1 ano<\/li>\n<\/ul>\n<\/li>\n<li><strong>cky-action<\/strong>\n<ul>\n<li>Este cookie \u00e9 definido por CookieYes e \u00e9 usado para relembrar a a\u00e7\u00e3o realizada pelo utilizador.<\/li>\n<li><strong>Dura\u00e7\u00e3o:<\/strong> 1 ano<\/li>\n<\/ul>\n<\/li>\n<\/ul>\n<p>[\/vc_column_text]<div style=\"background-color:; height: 20px;\" class=\"nicdark_section  \"><\/div> <h2 style=\"color:; padding:px; text-align:; font-size:20px; line-height:px; letter-spacing: px; font-weight:bold;\" class=\"    \">Consentimento<\/h2> <div style=\"background-color:; height: 20px;\" class=\"nicdark_section  \"><\/div> <p style=\"color:; padding:px; text-align:; font-size:14px; line-height:px; letter-spacing: px; font-weight:normal;\" class=\"    \">Nos termos da Lei n.\u00ba 41\/2004 de 18 de agosto, o armazenamento de informa\u00e7\u00f5es e a possibilidade de acesso \u00e0 informa\u00e7\u00e3o armazenada no equipamento terminal de um utilizador (nomeadamente atrav\u00e9s de cookies) apenas s\u00e3o realizados pela Peralta &amp; Peralta, Lda caso o utilizador tenha dado o seu consentimento pr\u00e9vio e expresso \u00e0 instala\u00e7\u00e3o dos cookies no seu equipamento, pelo que lhe pedimos, previamente \u00e0 utiliza\u00e7\u00e3o dos websites, que aceite a presente Pol\u00edtica de Privacidade e de Cookies.<\/p> <div style=\"background-color:; height: 20px;\" class=\"nicdark_section  \"><\/div> <h2 style=\"color:; padding:px; text-align:; font-size:20px; line-height:px; letter-spacing: px; font-weight:bold;\" class=\"    \">Como posso evitar a utiliza\u00e7\u00e3o de Cookies nos websites?<\/h2> <div style=\"background-color:; height: 20px;\" class=\"nicdark_section  \"><\/div> <p style=\"color:; padding:px; text-align:; font-size:14px; line-height:px; letter-spacing: px; font-weight:normal;\" class=\"    \">Pode consultar esta informa\u00e7\u00e3o para os principais navegadores da Internet nos seguintes endere\u00e7os:<\/p> [vc_column_text css=&#8221;.vc_custom_1655466747230{margin-bottom: 10px !important;}&#8221;]<\/p>\n<ul style=\"color: #0a1f11;\">\n<li><strong>Chrome<\/strong> &#8211; <a class=\"link\" href=\"https:\/\/support.google.com\/chrome\/answer\/95647?hl=pt\" target=\"_blank\" rel=\"noopener\">https:\/\/support.google.com\/chrome\/answer\/95647?hl=pt<\/a> ;<\/li>\n<li><strong>Explorer<\/strong> &#8211; <a class=\"link\" href=\"https:\/\/support.microsoft.com\/pt-pt\/help\/278835\/how-to-delete-cookie-files-in-internet-explorer\" target=\"_blank\" rel=\"noopener\">https:\/\/support.microsoft.com\/pt-pt\/help\/278835\/how-to-delete-cookie-files-in-internet-explorer<\/a> ;<\/li>\n<li><strong>Firefox<\/strong> &#8211; <a class=\"link\" href=\"https:\/\/support.mozilla.org\/pt-PT\/kb\/ativar-e-desativar-cookies-que-os-websites-utiliza\" target=\"_blank\" rel=\"noopener\">https:\/\/support.mozilla.org\/pt-PT\/kb\/ativar-e-desativar-cookies-que-os-websites-utiliza<\/a> ;<\/li>\n<li><strong>Safari<\/strong> &#8211; <a class=\"link\" href=\"https:\/\/support.apple.com\/kb\/ph5042?locale=pt_PT\" target=\"_blank\" rel=\"noopener\">https:\/\/support.apple.com\/kb\/ph5042?locale=pt_PT<\/a> ;<\/li>\n<\/ul>\n<p>[\/vc_column_text] <p style=\"color:; padding:px; text-align:; font-size:14px; line-height:px; letter-spacing: px; font-weight:normal;\" class=\"    \">Finalmente, se desejar ter um maior controlo sobre a instala\u00e7\u00e3o de cookies, pode instalar programas ou complementos ao seu navegador, conhecidos como ferramentas de \u201cdo not track\u201d, que lhe permitir\u00e3o escolher os cookies que deseja permitir.<\/p>  <p style=\"color:; padding:px; text-align:; font-size:14px; line-height:px; letter-spacing: px; font-weight:normal;\" class=\"    \">Em caso de bloqueio ou n\u00e3o autoriza\u00e7\u00e3o para utiliza\u00e7\u00e3o de cookies, n\u00e3o ser\u00e1 armazenada qualquer cookie no seu equipamento, mas n\u00e3o est\u00e1 garantido o bom funcionamento do nosso website, n\u00e3o podendo por isso o cliente retirar o m\u00e1ximo benef\u00edcio dos conte\u00fados disponibilizados, sendo que, em cada novo acesso ao website, ser-lhe-\u00e1 sempre solicitada autoriza\u00e7\u00e3o para a utiliza\u00e7\u00e3o de cookies.<\/p> <div style=\"background-color:; height: 20px;\" class=\"nicdark_section  \"><\/div> <h2 style=\"color:; padding:px; text-align:; font-size:20px; line-height:px; letter-spacing: px; font-weight:bold;\" class=\"    \">Declarar, exercer ou defender direitos<\/h2> <div style=\"background-color:; height: 20px;\" class=\"nicdark_section  \"><\/div> <p style=\"color:; padding:px; text-align:; font-size:14px; line-height:px; letter-spacing: px; font-weight:normal;\" class=\"    \">Poder\u00e1 ser por vezes necess\u00e1rio processarmos dados pessoais e, quando apropriado e em conformidade com as leis e requisitos locais, dados pessoais sens\u00edveis em rela\u00e7\u00e3o ao exerc\u00edcio ou defesa de direitos. O artigo 9.\u00ba, n.\u00ba 2, al\u00ednea f) do RGPD permite este processamento quando este ``for necess\u00e1rio \u00e0 declara\u00e7\u00e3o, ao exerc\u00edcio ou \u00e0 defesa de um direito num processo judicial ou sempre que os tribunais atuem no exerc\u00edcio da sua fun\u00e7\u00e3o jurisdicional``.<\/p>  <p style=\"color:; padding:px; text-align:; font-size:14px; line-height:px; letter-spacing: px; font-weight:normal;\" class=\"    \">Tal pode surgir, por exemplo, nos casos em que tenhamos a necessidade de obter aconselhamento jur\u00eddico em rela\u00e7\u00e3o a procedimentos legais ou caso sejamos obrigados por lei a conservar ou a divulgar determinada informa\u00e7\u00e3o como parte de um processo jur\u00eddico.<\/p> <div style=\"background-color:; height: 20px;\" class=\"nicdark_section  \"><\/div> <h2 style=\"color:; padding:px; text-align:; font-size:20px; line-height:px; letter-spacing: px; font-weight:bold;\" class=\"    \">Altera\u00e7\u00f5es ao documento<\/h2> <div style=\"background-color:; height: 20px;\" class=\"nicdark_section  \"><\/div> <p style=\"color:; padding:px; text-align:; font-size:14px; line-height:px; letter-spacing: px; font-weight:normal;\" class=\"    \">A Peralta &amp; Peralta, Lda poder\u00e1 ocasionalmente alterar esta declara\u00e7\u00e3o e a sua Pol\u00edtica de Privacidade para poder refletir a imagem da empresa e o feedback dos clientes. Incentivamos os nossos clientes a reverem periodicamente a nossa Pol\u00edtica de Privacidade, para estarem atualizados acerca de como a Peralta &amp; Peralta, Lda protege a sua informa\u00e7\u00e3o, sem preju\u00edzo de o informarmos sempre que ocorram altera\u00e7\u00f5es relevantes na nossa Pol\u00edtica de Privacidade.<\/p> [\/vc_column][\/vc_row]<\/p>\n","protected":false},"excerpt":{"rendered":"<p>[vc_row full_width=&#8221;stretch_row&#8221; css=&#8221;.vc_custom_1655461456870{background-image: url(https:\/\/casasperalta.pt\/wp-content\/uploads\/2022\/05\/ALDEIA-CASTANHEIRA-edited.jpg?id=2365) !important;background-position: center !important;background-repeat: no-repeat !important;background-size: cover !important;}&#8221;][vc_column][\/vc_column][\/vc_row][vc_row][vc_column][vc_column_text] Cookies de sess\u00e3o &#8211; Estes apenas s\u00e3o armazenados no seu computador durante a sua sess\u00e3o web e s\u00e3o automaticamente apagados quando fecha o navegador &#8211; normalmente, armazenam um ID de sess\u00e3o an\u00f3nima permitindo-lhe navegar num site sem ter de iniciar sess\u00e3o em cada p\u00e1gina, [&hellip;]<\/p>\n","protected":false},"author":1,"featured_media":0,"parent":0,"menu_order":0,"comment_status":"closed","ping_status":"closed","template":"","meta":{"footnotes":""},"class_list":["post-2878","page","type-page","status-publish","hentry"],"_links":{"self":[{"href":"https:\/\/casasperalta.pt\/index.php\/wp-json\/wp\/v2\/pages\/2878","targetHints":{"allow":["GET"]}}],"collection":[{"href":"https:\/\/casasperalta.pt\/index.php\/wp-json\/wp\/v2\/pages"}],"about":[{"href":"https:\/\/casasperalta.pt\/index.php\/wp-json\/wp\/v2\/types\/page"}],"author":[{"embeddable":true,"href":"https:\/\/casasperalta.pt\/index.php\/wp-json\/wp\/v2\/users\/1"}],"replies":[{"embeddable":true,"href":"https:\/\/casasperalta.pt\/index.php\/wp-json\/wp\/v2\/comments?post=2878"}],"version-history":[{"count":32,"href":"https:\/\/casasperalta.pt\/index.php\/wp-json\/wp\/v2\/pages\/2878\/revisions"}],"predecessor-version":[{"id":2911,"href":"https:\/\/casasperalta.pt\/index.php\/wp-json\/wp\/v2\/pages\/2878\/revisions\/2911"}],"wp:attachment":[{"href":"https:\/\/casasperalta.pt\/index.php\/wp-json\/wp\/v2\/media?parent=2878"}],"curies":[{"name":"wp","href":"https:\/\/api.w.org\/{rel}","templated":true}]}}